{"id":37,"date":"2013-07-24T11:26:18","date_gmt":"2013-07-24T09:26:18","guid":{"rendered":"http:\/\/www.autoweltbasti.eu\/?page_id=37"},"modified":"2023-05-01T08:37:42","modified_gmt":"2023-05-01T06:37:42","slug":"fahrzeuge","status":"publish","type":"page","link":"https:\/\/www.autoweltbasti.eu\/","title":{"rendered":"Autokosmetik"},"content":{"rendered":"<p>Ich bin bereit zu Ihnen zu kommen, um das Auto abzuholen.<br \/>\n<strong>Unsere Angebot:<\/strong><br \/>\n<strong>Alle Arbeiten sind manuell durchgef\u00fchrt<\/strong><\/p>\n<table style=\"color: #ffffff;\">\n<tbody>\n<tr>\n<td width=\"10\">1<\/td>\n<td><strong>PKW- Handw\u00e4sche<br \/>\n<\/strong>Handw\u00e4sche mit Normal- und Parf\u00fcmshampoo + Kaltwachs, T\u00fcrkanten und Holme reinigen, Insektenbeseitigung aus der Motorhaube, Frontscheibe und K\u00fchlergrill, Felgenreinigung<\/td>\n<td width=\"50\" style=\"text-align: right;\"><span style=\"color: #ff0000;\"><strong>ab 30\u20ac<\/strong><\/span><\/td>\n<\/tr>\n<tr>\n<td width=\"10\">2<\/td>\n<td><strong>Intensiv Felgen- und Radkastenreinigung&nbsp;+ Reifenpflege<\/strong><\/td>\n<td width=\"50\" style=\"text-align: right;\"><span style=\"color: #ff0000;\"><strong>ab 20\u20ac<\/strong><\/span><\/td>\n<\/tr>\n<tr>\n<td width=\"10\">3<\/td>\n<td><strong>Motorw\u00e4sche mit Versiegelung<\/strong><\/td>\n<td width=\"50\" style=\"text-align: right;\"><span style=\"color: #ff0000;\"><strong>ab 30\u20ac<\/strong><\/span><\/td>\n<\/tr>\n<tr>\n<td width=\"10\">4<\/td>\n<td><strong>Innenreinigung<\/strong><br \/>\nReinigung der Seitenverkleidung, Hutablage, Himmelreinigung, Aschenbecher reinigen, Polster\/Autositze absaugen und shampoonieren (Leder Reinigung), Cockpitreinigung und Versiegelung, Innen- und Kofferraum aussaugen, Fu\u00dfmatten und Pedale s\u00e4ubern, T\u00fcrkanten und T\u00fcrgummis behandeln, Scheibenreinigung<\/td>\n<td width=\"50\" style=\"text-align: right;\"><span style=\"color: #ff0000;\"><strong>ab 100\u20ac<\/strong><\/span><\/td>\n<\/tr>\n<tr>\n<td width=\"10\">5<\/td>\n<td><strong>Lackaufbereitung mit Hochglanz Wachspolitur &#8211;&nbsp;<\/strong><br \/>\nManuell Vorw\u00e4sche, Insektenbeseitigung aus der Motorhaube, Frontscheibe und K\u00fchlergrill, Aufwertung verwitterter und stumpfer Lacke mit der Hand und Versiegelung mit Wachspolitur auf die W\u00e4rme, Felgenreinigung, Scheibenreinigung au\u00dfen<\/td>\n<td width=\"50\" style=\"text-align: right;\"><span style=\"color: #ff0000;\"><strong>ab 90\u20ac<\/strong><\/span><\/td>\n<\/tr>\n<tr>\n<td width=\"10\">6<\/td>\n<td><strong>Lackaufbereitung mit sch\u00fctzender Ceramic&nbsp;Pro&nbsp;Care+ &#8211;&nbsp;<\/strong><br \/>\nManuell Vorw\u00e4sche, Insektenbeseitigung aus der Motorhaube, Frontscheibe und K\u00fchlergrill, Aufwertung verwitterter Lacke mit der Hand und Versiegelung mit Ceramic&nbsp;Pro&nbsp;Care+, Felgenreinigung, Scheibenreinigung au\u00dfen<\/td>\n<td width=\"50\" style=\"text-align: right;\"><span style=\"color: #ff0000;\"><strong>ab 150\u20ac<\/strong><\/span><\/td>\n<\/tr>\n<\/tbody>\n<\/table>\n<p>&nbsp;<\/p>\n","protected":false},"excerpt":{"rendered":"<p>Ich bin bereit zu Ihnen zu kommen, um das Auto abzuholen. Unsere Angebot: Alle Arbeiten sind manuell durchgef\u00fchrt 1 PKW- Handw\u00e4sche Handw\u00e4sche mit Normal- und Parf\u00fcmshampoo + Kaltwachs, T\u00fcrkanten und Holme reinigen, Insektenbeseitigung aus der Motorhaube, Frontscheibe und K\u00fchlergrill, Felgenreinigung ab 30\u20ac 2 Intensiv Felgen- und Radkastenreinigung&nbsp;+ Reifenpflege ab 20\u20ac 3 Motorw\u00e4sche mit Versiegelung ab [&hellip;]<\/p>\n","protected":false},"author":1,"featured_media":0,"parent":0,"menu_order":0,"comment_status":"closed","ping_status":"closed","template":"","meta":[],"_links":{"self":[{"href":"https:\/\/www.autoweltbasti.eu\/index.php?rest_route=\/wp\/v2\/pages\/37"}],"collection":[{"href":"https:\/\/www.autoweltbasti.eu\/index.php?rest_route=\/wp\/v2\/pages"}],"about":[{"href":"https:\/\/www.autoweltbasti.eu\/index.php?rest_route=\/wp\/v2\/types\/page"}],"author":[{"embeddable":true,"href":"https:\/\/www.autoweltbasti.eu\/index.php?rest_route=\/wp\/v2\/users\/1"}],"replies":[{"embeddable":true,"href":"https:\/\/www.autoweltbasti.eu\/index.php?rest_route=%2Fwp%2Fv2%2Fcomments&post=37"}],"version-history":[{"count":26,"href":"https:\/\/www.autoweltbasti.eu\/index.php?rest_route=\/wp\/v2\/pages\/37\/revisions"}],"predecessor-version":[{"id":542,"href":"https:\/\/www.autoweltbasti.eu\/index.php?rest_route=\/wp\/v2\/pages\/37\/revisions\/542"}],"wp:attachment":[{"href":"https:\/\/www.autoweltbasti.eu\/index.php?rest_route=%2Fwp%2Fv2%2Fmedia&parent=37"}],"curies":[{"name":"wp","href":"https:\/\/api.w.org\/{rel}","templated":true}]}}