{"id":131,"date":"2015-06-19T15:36:54","date_gmt":"2015-06-19T13:36:54","guid":{"rendered":"http:\/\/www.autoweltbasti.eu\/?page_id=131"},"modified":"2018-09-02T21:13:38","modified_gmt":"2018-09-02T19:13:38","slug":"impressum-2","status":"publish","type":"page","link":"http:\/\/www.autoweltbasti.eu\/?page_id=131","title":{"rendered":"Impressum"},"content":{"rendered":"<p><strong>Impressum<\/strong><\/p>\n<p>Autowelt Basti<br \/>\nB\u00fcro: Nedasch\u00fctz 1h<br \/>\n02633 G\u00f6da<\/p>\n<p>Steuer-ID DE 26992357<\/p>\n","protected":false},"excerpt":{"rendered":"<p>Impressum Autowelt Basti B\u00fcro: Nedasch\u00fctz 1h 02633 G\u00f6da Steuer-ID DE 26992357<\/p>\n","protected":false},"author":1,"featured_media":0,"parent":0,"menu_order":0,"comment_status":"closed","ping_status":"closed","template":"","meta":[],"_links":{"self":[{"href":"http:\/\/www.autoweltbasti.eu\/index.php?rest_route=\/wp\/v2\/pages\/131"}],"collection":[{"href":"http:\/\/www.autoweltbasti.eu\/index.php?rest_route=\/wp\/v2\/pages"}],"about":[{"href":"http:\/\/www.autoweltbasti.eu\/index.php?rest_route=\/wp\/v2\/types\/page"}],"author":[{"embeddable":true,"href":"http:\/\/www.autoweltbasti.eu\/index.php?rest_route=\/wp\/v2\/users\/1"}],"replies":[{"embeddable":true,"href":"http:\/\/www.autoweltbasti.eu\/index.php?rest_route=%2Fwp%2Fv2%2Fcomments&post=131"}],"version-history":[{"count":3,"href":"http:\/\/www.autoweltbasti.eu\/index.php?rest_route=\/wp\/v2\/pages\/131\/revisions"}],"predecessor-version":[{"id":204,"href":"http:\/\/www.autoweltbasti.eu\/index.php?rest_route=\/wp\/v2\/pages\/131\/revisions\/204"}],"wp:attachment":[{"href":"http:\/\/www.autoweltbasti.eu\/index.php?rest_route=%2Fwp%2Fv2%2Fmedia&parent=131"}],"curies":[{"name":"wp","href":"https:\/\/api.w.org\/{rel}","templated":true}]}}